{"id":845,"date":"2018-09-01T10:10:53","date_gmt":"2018-09-01T08:10:53","guid":{"rendered":"http:\/\/www.alcollot.fr\/Recettes\/?page_id=845"},"modified":"2018-09-01T10:16:01","modified_gmt":"2018-09-01T08:16:01","slug":"desserts-de-a-a-z","status":"publish","type":"page","link":"https:\/\/www.alcollot.fr\/Recettes\/desserts-de-a-a-z\/","title":{"rendered":"Desserts de A \u00e0 Z"},"content":{"rendered":"<p>Cr\u00eapes et beignets<\/p>\n<ul class=\"lcp_catlist\" id=\"lcp_instance_0\"><li><a href=\"https:\/\/www.alcollot.fr\/Recettes\/beignets\/\">Beignets<\/a><\/li><li><a href=\"https:\/\/www.alcollot.fr\/Recettes\/beignets-au-fromage-blanc\/\">Beignets au fromage blanc<\/a><\/li><li><a href=\"https:\/\/www.alcollot.fr\/Recettes\/beignets-de-pommes\/\">Beignets de pommes<\/a><\/li><li><a href=\"https:\/\/www.alcollot.fr\/Recettes\/bugnes-a-ma-facon\/\">Bugnes \u00e0 ma fa\u00e7on<\/a><\/li><li><a href=\"https:\/\/www.alcollot.fr\/Recettes\/bugnes-lyonnaises\/\">Bugnes lyonnaises<\/a><\/li><li><a href=\"https:\/\/www.alcollot.fr\/Recettes\/crepes-aux-marrons\/\">Cr\u00eapes aux marrons<\/a><\/li><li><a href=\"https:\/\/www.alcollot.fr\/Recettes\/crepes-aux-oranges-et-mandarines\/\">Cr\u00eapes aux oranges et mandarines<\/a><\/li><li><a href=\"https:\/\/www.alcollot.fr\/Recettes\/crepes-citron-fraise\/\">Cr\u00eapes citron-fraise<\/a><\/li><li><a href=\"https:\/\/www.alcollot.fr\/Recettes\/recette-1\/\">Crispy pancakes with lemon, strawberry coulis<\/a><\/li><li><a href=\"https:\/\/www.alcollot.fr\/Recettes\/croustillants-de-crepes-au-citron-coulis-de-fraise\/\">Croustillants de cr\u00eapes au citron, coulis de fraise<\/a><\/li><\/ul>\n<p>Desserts au chocolat<\/p>\n<ul class=\"lcp_catlist\" id=\"lcp_instance_0\"><li><a href=\"https:\/\/www.alcollot.fr\/Recettes\/assiette-tout-chocolat\/\">Assiette tout chocolat<\/a><\/li><li><a href=\"https:\/\/www.alcollot.fr\/Recettes\/blinis-de-chocolat\/\">Blinis de chocolat<\/a><\/li><li><a href=\"https:\/\/www.alcollot.fr\/Recettes\/declinaison-de-desserts-au-chocolat\/\">D\u00e9clinaison de desserts au chocolat<\/a><\/li><li><a href=\"https:\/\/www.alcollot.fr\/Recettes\/fondant-au-chocolat\/\">Fondant au chocolat<\/a><\/li><li><a href=\"https:\/\/www.alcollot.fr\/Recettes\/gateau-au-chocolat-et-aux-amandes\/\">G\u00e2teau au chocolat et aux amandes<\/a><\/li><li><a href=\"https:\/\/www.alcollot.fr\/Recettes\/recette2\/\">G\u00e2teau au chocolat et griottines<\/a><\/li><li><a href=\"https:\/\/www.alcollot.fr\/Recettes\/moelleux-au-chocolat\/\">Moelleux au chocolat<\/a><\/li><li><a href=\"https:\/\/www.alcollot.fr\/Recettes\/mousse-au-chocolat\/\">Mousse au chocolat<\/a><\/li><li><a href=\"https:\/\/www.alcollot.fr\/Recettes\/mousse-au-chocolat-et-poires-caramelisees\/\">Mousse au chocolat\u00a0 et poires caram\u00e9lis\u00e9es<\/a><\/li><li><a href=\"https:\/\/www.alcollot.fr\/Recettes\/palet-au-chocolat-et-griottes-au-banyuls\/\">Palet au chocolat et griottes au banyuls<\/a><\/li><li><a href=\"https:\/\/www.alcollot.fr\/Recettes\/rocaille\/\">Rocaille<\/a><\/li><\/ul>\n<p>Desserts aux fruits<\/p>\n<ul class=\"lcp_catlist\" id=\"lcp_instance_0\"><li><a href=\"https:\/\/www.alcollot.fr\/Recettes\/agrumes-sur-mousse-au-grand-marnier\/\">Agrumes sur mousse au Grand Marnier<\/a><\/li><li><a href=\"https:\/\/www.alcollot.fr\/Recettes\/ananas-facon-crumble\/\">Ananas fa\u00e7on crumble<\/a><\/li><li><a href=\"https:\/\/www.alcollot.fr\/Recettes\/aspics-de-pommes-sauce-caramel-au-beurre-sale\/\">Aspics de pommes sauce caramel au beurre sal\u00e9<\/a><\/li><li><a href=\"https:\/\/www.alcollot.fr\/Recettes\/assiette-antillaise\/\">Assiette antillaise<\/a><\/li><li><a href=\"https:\/\/www.alcollot.fr\/Recettes\/assiette-tout-cerise\/\">Assiette tout cerise<\/a><\/li><li><a href=\"https:\/\/www.alcollot.fr\/Recettes\/carpaccio-de-banane\/\">Carpaccio de banane<\/a><\/li><li><a href=\"https:\/\/www.alcollot.fr\/Recettes\/carpaccio-de-mangue-et-ananas\/\">Carpaccio de mangue et ananas<\/a><\/li><li><a href=\"https:\/\/www.alcollot.fr\/Recettes\/clafoutis-aux-peches\/\">Clafoutis aux p\u00eaches<\/a><\/li><li><a href=\"https:\/\/www.alcollot.fr\/Recettes\/clafoutis-moelleux-a-ma-facon\/\">Clafoutis moelleux\u00a0(\u00e0 ma fa\u00e7on)<\/a><\/li><li><a href=\"https:\/\/www.alcollot.fr\/Recettes\/clafoutis-tiede-aux-cerises-et-aux-amandes\/\">Clafoutis ti\u00e8de aux cerises et aux amandes<\/a><\/li><li><a href=\"https:\/\/www.alcollot.fr\/Recettes\/cocktail-de-fruits-frais-epices\/\">Cocktail de fruits frais \u00e9pic\u00e9s<\/a><\/li><li><a href=\"https:\/\/www.alcollot.fr\/Recettes\/coulis-de-framboise-sur-creme-a-la-vanille\/\">Coulis de framboise sur cr\u00e8me \u00e0 la vanille<\/a><\/li><li><a href=\"https:\/\/www.alcollot.fr\/Recettes\/soupe-de-cerises\/\">Coupelles de cerises au miel<\/a><\/li><li><a href=\"https:\/\/www.alcollot.fr\/Recettes\/couronne-aux-peches\/\">Couronne aux P\u00eaches<\/a><\/li><li><a href=\"https:\/\/www.alcollot.fr\/Recettes\/croustillants-de-banane-ou-pomme-au-lait-de-chataigne-et-lait-de-chocolat\/\">Croustillants de banane (ou pomme) au lait de ch\u00e2taigne et lait de chocolat<\/a><\/li><li><a href=\"https:\/\/www.alcollot.fr\/Recettes\/crumble-aux-poires\/\">Crumble aux poires<\/a><\/li><li><a href=\"https:\/\/www.alcollot.fr\/Recettes\/crumble-aux-poires-caramelisees\/\">Crumble aux poires caram\u00e9lis\u00e9es<\/a><\/li><li><a href=\"https:\/\/www.alcollot.fr\/Recettes\/crumble-aux-pommes\/\">Crumble aux pommes<\/a><\/li><li><a href=\"https:\/\/www.alcollot.fr\/Recettes\/crumble-de-fruits-secs-sur-ananas-roti\/\">Crumble de fruits secs sur ananas r\u00f4ti<\/a><\/li><li><a href=\"https:\/\/www.alcollot.fr\/Recettes\/delices-de-poires\/\">D\u00e9lices de poires<\/a><\/li><li><a href=\"https:\/\/www.alcollot.fr\/Recettes\/feuilletes-aux-pommes-caramelisees\/\">Feuillet\u00e9s aux pommes caram\u00e9lis\u00e9es<\/a><\/li><li><a href=\"https:\/\/www.alcollot.fr\/Recettes\/flan-dananas-victoria-et-banane\/\">Flan d\u2019Ananas Victoria et Banane<\/a><\/li><li><a href=\"https:\/\/www.alcollot.fr\/Recettes\/fraicheur-de-fraise-sur-mousse-de-riz-au-lait\/\">Fraicheur de fraise sur mousse de riz au lait<\/a><\/li><li><a href=\"https:\/\/www.alcollot.fr\/Recettes\/fraisemania\/\">Fraisemania<\/a><\/li><li><a href=\"https:\/\/www.alcollot.fr\/Recettes\/fraises-sur-riz-au-lait\/\">Fraises ou framboises sur riz au Lait<\/a><\/li><li><a href=\"https:\/\/www.alcollot.fr\/Recettes\/gateau-invisible-aux-pommes\/\">G\u00e2teau invisible aux pommes<\/a><\/li><li><a href=\"https:\/\/www.alcollot.fr\/Recettes\/gateau-renverse-aux-cerises\/\">Gateau renvers\u00e9 aux cerises<\/a><\/li><li><a href=\"https:\/\/www.alcollot.fr\/Recettes\/gratin-de-framboise\/\">Gratin de framboise<\/a><\/li><li><a href=\"https:\/\/www.alcollot.fr\/Recettes\/gratin-de-pruneaux\/\">Gratin de pruneaux<\/a><\/li><li><a href=\"https:\/\/www.alcollot.fr\/Recettes\/griottes-a-la-mousse-de-pistache\/\">Griottes \u00e0 la mousse de pistache<\/a><\/li><li><a href=\"https:\/\/www.alcollot.fr\/Recettes\/la-cerise-en-tarte\/\">La cerise en tarte<\/a><\/li><li><a href=\"https:\/\/www.alcollot.fr\/Recettes\/mini-clafoutis-aux-cerises\/\">MIini clafoutis aux cerises<\/a><\/li><li><a href=\"https:\/\/www.alcollot.fr\/Recettes\/pave-aux-abricots\/\">Pav\u00e9 aux abricots<\/a><\/li><li><a href=\"https:\/\/www.alcollot.fr\/Recettes\/pavlova-aux-mandarines\/\">Pavlova aux mandarines<\/a><\/li><li><a href=\"https:\/\/www.alcollot.fr\/Recettes\/pavlova-aux-framboises-ou-aux-fraises\/\">Pavlova garniture framboises ou fraises<\/a><\/li><li><a href=\"https:\/\/www.alcollot.fr\/Recettes\/pavlova-printaniere\/\">Pavlova printani\u00e8re<\/a><\/li><li><a href=\"https:\/\/www.alcollot.fr\/Recettes\/peches-ou-poires-roties-aux-amarettis\/\">P\u00eaches ou Poires r\u00f4ties aux amarettis<\/a><\/li><li><a href=\"https:\/\/www.alcollot.fr\/Recettes\/poires-au-cassis\/\">Poires au cassis<\/a><\/li><li><a href=\"https:\/\/www.alcollot.fr\/Recettes\/poires-au-rhum\/\">Poires au rhum<\/a><\/li><li><a href=\"https:\/\/www.alcollot.fr\/Recettes\/poires-au-vin\/\">Poires au vin<\/a><\/li><li><a href=\"https:\/\/www.alcollot.fr\/Recettes\/poires-aux-epices\/\">Poires aux \u00e9pices<\/a><\/li><li><a href=\"https:\/\/www.alcollot.fr\/Recettes\/pommes-au-four\/\">Pommes au four<\/a><\/li><li><a href=\"https:\/\/www.alcollot.fr\/Recettes\/rhubarbe-facon-tiramisu\/\">Rhubarbe fa\u00e7on tiramisu<\/a><\/li><li><a href=\"https:\/\/www.alcollot.fr\/Recettes\/roses-feuilletees-aux-pommes\/\">Roses feuillet\u00e9es aux pommes<\/a><\/li><li><a href=\"https:\/\/www.alcollot.fr\/Recettes\/soupe-de-cerises-et-glace-aux-amandes\/\">Soupe de cerises et glace aux amandes<\/a><\/li><li><a href=\"https:\/\/www.alcollot.fr\/Recettes\/tiramisu-au-pavot-et-myrtilles\/\">Tiramisu au pavot et myrtilles<\/a><\/li><li><a href=\"https:\/\/www.alcollot.fr\/Recettes\/tiramisu-aux-ananas\/\">Tiramisu aux ananas<\/a><\/li><li><a href=\"https:\/\/www.alcollot.fr\/Recettes\/tiramisu-aux-fraises\/\">Tiramisu aux fraises<\/a><\/li><li><a href=\"https:\/\/www.alcollot.fr\/Recettes\/tiramisu-aux-litchis-et-framboises\/\">Tiramisu aux litchis et framboises<\/a><\/li><\/ul>\n<p>Glaces, cr\u00e8mes et souffl\u00e9s<\/p>\n<ul class=\"lcp_catlist\" id=\"lcp_instance_0\"><li><a href=\"https:\/\/www.alcollot.fr\/Recettes\/creme-brulee\/\">Cr\u00e8me brul\u00e9e<\/a><\/li><li><a href=\"https:\/\/www.alcollot.fr\/Recettes\/creme-brulee-a-la-pistache-et-creme-au-chocolat\/\">Cr\u00e8me brul\u00e9e \u00e0 la pistache et cr\u00e8me au chocolat<\/a><\/li><li><a href=\"https:\/\/www.alcollot.fr\/Recettes\/creme-brulee-au-nougat\/\">Cr\u00e8me br\u00fbl\u00e9e au nougat<\/a><\/li><li><a href=\"https:\/\/www.alcollot.fr\/Recettes\/creme-brulee-printaniere\/\">Cr\u00e8me br\u00fbl\u00e9e printani\u00e8re<\/a><\/li><li><a href=\"https:\/\/www.alcollot.fr\/Recettes\/creme-renversee-a-lorange\/\">Cr\u00e8me renvers\u00e9e \u00e0 l&rsquo;orange<\/a><\/li><li><a href=\"https:\/\/www.alcollot.fr\/Recettes\/declinaison-de-desserts-au-chocolat-2\/\">D\u00e9clinaison de desserts au chocolat<\/a><\/li><li><a href=\"https:\/\/www.alcollot.fr\/Recettes\/malakoff\/\">Malakoff<\/a><\/li><li><a href=\"https:\/\/www.alcollot.fr\/Recettes\/mousse-cevenole\/\">Mousse c\u00e9venole<\/a><\/li><li><a href=\"https:\/\/www.alcollot.fr\/Recettes\/mousse-facon-nougat-sur-poires-au-sirop\/\">Mousse fa\u00e7on nougat sur poires au sirop<\/a><\/li><li><a href=\"https:\/\/www.alcollot.fr\/Recettes\/nougat-glace-coulis-de-framboise\/\">Nougat glac\u00e9, coulis de framboise<\/a><\/li><li><a href=\"https:\/\/www.alcollot.fr\/Recettes\/oeufs-a-la-neige-a-la-noix-de-coco\/\">Oeufs \u00e0 la neige \u00e0 la noix de coco<\/a><\/li><li><a href=\"https:\/\/www.alcollot.fr\/Recettes\/oeufs-a-la-neige-sur-creme-anglaise-a-la-vanille-2\/\">Oeufs \u00e0 la neige sur cr\u00e8me anglaise \u00e0 la vanille<\/a><\/li><li><a href=\"https:\/\/www.alcollot.fr\/Recettes\/oeufs-a-la-neige-sur-creme-anglaise-a-la-vanille\/\">Oeufs \u00e0 la neige sur cr\u00e8me anglaise \u00e0 la vanille<\/a><\/li><li><a href=\"https:\/\/www.alcollot.fr\/Recettes\/oeufs-a-la-neige-sur-creme-anglaise-au-chocolat\/\">Oeufs \u00e0 la neige sur cr\u00e8me anglaise au chocolat<\/a><\/li><li><a href=\"https:\/\/www.alcollot.fr\/Recettes\/panna-cotta-aux-griottines-de-fougerolles\/\">Pannacotta aux griottines de Fougerolles<\/a><\/li><li><a href=\"https:\/\/www.alcollot.fr\/Recettes\/petite-creme-au-cafe-2\/\">Petite cr\u00e8me au caf\u00e9<\/a><\/li><li><a href=\"https:\/\/www.alcollot.fr\/Recettes\/petites-verrines-de-creme-pistache-cafe\/\">Petites verrines de cr\u00e8me pistache-caf\u00e9<\/a><\/li><li><a href=\"https:\/\/www.alcollot.fr\/Recettes\/petits-parfaits-pralines-frangipane-aux-poires\/\">Petits parfaits pralin\u00e9s, frangipane aux poires<\/a><\/li><li><a href=\"https:\/\/www.alcollot.fr\/Recettes\/riz-au-lait-au-four\/\">Riz au lait au four<\/a><\/li><li><a href=\"https:\/\/www.alcollot.fr\/Recettes\/souffle-au-grand-marnier\/\">Souffl\u00e9 au grand marnier<\/a><\/li><li><a href=\"https:\/\/www.alcollot.fr\/Recettes\/tiramisu\/\">Tiramisu<\/a><\/li><li><a href=\"https:\/\/www.alcollot.fr\/Recettes\/tiramisu-au-citron-meringue\/\">Tiramisu au citron meringu\u00e9<\/a><\/li><li><a href=\"https:\/\/www.alcollot.fr\/Recettes\/tiramisu-aux-ananas\/\">Tiramisu aux ananas<\/a><\/li><\/ul>\n<p>Petits fours et g\u00e2teaux de No\u00ebl<\/p>\n<ul class=\"lcp_catlist\" id=\"lcp_instance_0\"><li><a href=\"https:\/\/www.alcollot.fr\/Recettes\/amarettis\/\">Amarettis<\/a><\/li><li><a href=\"https:\/\/www.alcollot.fr\/Recettes\/canneles\/\">Cannel\u00e9s<\/a><\/li><li><a href=\"https:\/\/www.alcollot.fr\/Recettes\/caprices-a-lorange\/\">Caprices \u00e0 l&rsquo;orange<\/a><\/li><li><a href=\"https:\/\/www.alcollot.fr\/Recettes\/cookies-au-citron\/\">Cookies au citron<\/a><\/li><li><a href=\"https:\/\/www.alcollot.fr\/Recettes\/financiers\/\">Financiers<\/a><\/li><li><a href=\"https:\/\/www.alcollot.fr\/Recettes\/financiers-au-nutella-deve-et-chloe\/\">Financiers au Nutella d\u2019Eve et Chlo\u00e9<\/a><\/li><li><a href=\"https:\/\/www.alcollot.fr\/Recettes\/financiers-aux-pignons-de-pin\/\">Financiers aux pignons de pin<\/a><\/li><li><a href=\"https:\/\/www.alcollot.fr\/Recettes\/galettes-de-noel\/\">Galettes de no\u00ebl<\/a><\/li><li><a href=\"https:\/\/www.alcollot.fr\/Recettes\/langues-de-chat-2\/\">Langues de chat<\/a><\/li><li><a href=\"https:\/\/www.alcollot.fr\/Recettes\/langues-de-chat\/\">Langues de chat<\/a><\/li><li><a href=\"https:\/\/www.alcollot.fr\/Recettes\/meringues\/\">Meringues<\/a><\/li><li><a href=\"https:\/\/www.alcollot.fr\/Recettes\/meringues-2\/\">Meringues<\/a><\/li><li><a href=\"https:\/\/www.alcollot.fr\/Recettes\/muffins-au-chocolat-de-faustine-et-lea\/\">Muffins au chocolat de Faustine et L\u00e9a<\/a><\/li><li><a href=\"https:\/\/www.alcollot.fr\/Recettes\/muffins-aux-bananes-et-chocolat\/\">Muffins aux bananes et chocolat<\/a><\/li><li><a href=\"https:\/\/www.alcollot.fr\/Recettes\/pate-a-sables-pour-appareil-a-douille\/\">P\u00e2te \u00e0 sabl\u00e9s pour appareil \u00e0 douille<\/a><\/li><li><a href=\"https:\/\/www.alcollot.fr\/Recettes\/petits-financiers-aux-framboises\/\">Petits financiers aux framboises<\/a><\/li><li><a href=\"https:\/\/www.alcollot.fr\/Recettes\/petits-financiers-aux-poires-ou-aux-peches\/\">Petits financiers aux poires ou aux p\u00eaches<\/a><\/li><li><a href=\"https:\/\/www.alcollot.fr\/Recettes\/petits-fours-aux-amandes\/\">Petits fours aux amandes<\/a><\/li><li><a href=\"https:\/\/www.alcollot.fr\/Recettes\/petits-fours-aux-noix\/\">Petits fours aux noix<\/a><\/li><li><a href=\"https:\/\/www.alcollot.fr\/Recettes\/petits-gateaux-aux-amandes-et-flocons-davoine\/\">Petits g\u00e2teaux aux amandes et flocons d\u2019avoine<\/a><\/li><li><a href=\"https:\/\/www.alcollot.fr\/Recettes\/petits-gateaux-souabes\/\">Petits g\u00e2teaux souabes<\/a><\/li><li><a href=\"https:\/\/www.alcollot.fr\/Recettes\/petits-paves-aux-noix\/\">Petits pav\u00e9s aux noix<\/a><\/li><li><a href=\"https:\/\/www.alcollot.fr\/Recettes\/petits-sables\/\">Petits sabl\u00e9s<\/a><\/li><li><a href=\"https:\/\/www.alcollot.fr\/Recettes\/petits-sables-bretons\/\">Petits sabl\u00e9s bretons<\/a><\/li><li><a href=\"https:\/\/www.alcollot.fr\/Recettes\/petits-sapins-aux-citrons\/\">Petits sapins au citron<\/a><\/li><li><a href=\"https:\/\/www.alcollot.fr\/Recettes\/sable-a-lorange\/\">Sabl\u00e9s \u00e0 l&rsquo;orange<\/a><\/li><li><a href=\"https:\/\/www.alcollot.fr\/Recettes\/sables-au-beurre-sale-et-au-miel\/\">Sabl\u00e9s au beurre sal\u00e9 et au miel<\/a><\/li><li><a href=\"https:\/\/www.alcollot.fr\/Recettes\/sables-au-citron-ou-a-la-vanille\/\">Sabl\u00e9s au citron ou \u00e0 la vanille<\/a><\/li><li><a href=\"https:\/\/www.alcollot.fr\/Recettes\/sables-au-rhum\/\">Sabl\u00e9s au Rhum<\/a><\/li><li><a href=\"https:\/\/www.alcollot.fr\/Recettes\/sables-aux-noisettes-ou-aux-noix\/\">Sabl\u00e9s aux noisettes ou aux noix<\/a><\/li><li><a href=\"https:\/\/www.alcollot.fr\/Recettes\/spritz-recette-alsacienne\/\">Spritz (recette alsacienne)<\/a><\/li><li><a href=\"https:\/\/www.alcollot.fr\/Recettes\/tuiles-aux-amandes\/\">Tuiles aux amandes<\/a><\/li><li><a href=\"https:\/\/www.alcollot.fr\/Recettes\/tuiles-aux-amandes-2\/\">Tuiles aux amandes 2<\/a><\/li><\/ul>\n<p>Tartes, g\u00e2teaux et galettes<\/p>\n<ul class=\"lcp_catlist\" id=\"lcp_instance_0\"><li><a href=\"https:\/\/www.alcollot.fr\/Recettes\/arlettes\/\">Arlettes<\/a><\/li><li><a href=\"https:\/\/www.alcollot.fr\/Recettes\/biscuit-au-citron-de-menton\/\">Biscuit au citron de Menton<\/a><\/li><li><a href=\"https:\/\/www.alcollot.fr\/Recettes\/biscuit-de-savoie\/\">Biscuit de Savoie<\/a><\/li><li><a href=\"https:\/\/www.alcollot.fr\/Recettes\/bostocks\/\">Bostocks<\/a><\/li><li><a href=\"https:\/\/www.alcollot.fr\/Recettes\/brioche-parisienne-excellente-et-legere\/\">Brioche parisienne excellente et l\u00e9g\u00e8re<\/a><\/li><li><a href=\"https:\/\/www.alcollot.fr\/Recettes\/cake-aux-eclats-de-noisette-et-chocolat\/\">Cake aux \u00e9clats de noisette et chocolat<\/a><\/li><li><a href=\"https:\/\/www.alcollot.fr\/Recettes\/financiers-au-chocolat\/\">Financiers au chocolat<\/a><\/li><li><a href=\"https:\/\/www.alcollot.fr\/Recettes\/financiers-aux-noix-et-au-miel\/\">Financiers aux noix et au miel<\/a><\/li><li><a href=\"https:\/\/www.alcollot.fr\/Recettes\/florentins\/\">Florentins<\/a><\/li><li><a href=\"https:\/\/www.alcollot.fr\/Recettes\/galette-alsacienne\/\">Galette alsacienne<\/a><\/li><li><a href=\"https:\/\/www.alcollot.fr\/Recettes\/galette-alsacienne-2\/\">Galette alsacienne<\/a><\/li><li><a href=\"https:\/\/www.alcollot.fr\/Recettes\/galette-des-rois-ou-pithiviers\/\">Galette des rois ou Pithiviers<\/a><\/li><li><a href=\"https:\/\/www.alcollot.fr\/Recettes\/gateau-a-la-noix-de-coco\/\">G\u00e2teau \u00e0 la noix de coco<\/a><\/li><li><a href=\"https:\/\/www.alcollot.fr\/Recettes\/gateau-a-la-pistache-et-amarena\/\">G\u00e2teau \u00e0 la pistache et amar\u00e9na<\/a><\/li><li><a href=\"https:\/\/www.alcollot.fr\/Recettes\/gateau-a-lorange-2\/\">G\u00e2teau \u00e0 l\u2019orange<\/a><\/li><li><a href=\"https:\/\/www.alcollot.fr\/Recettes\/gateau-au-chocolat-et-amandes-grillees\/\">G\u00e2teau au chocolat et amandes grill\u00e9es<\/a><\/li><li><a href=\"https:\/\/www.alcollot.fr\/Recettes\/gateau-aux-noisettes\/\">G\u00e2teau aux noisettes<\/a><\/li><li><a href=\"https:\/\/www.alcollot.fr\/Recettes\/gateau-aux-peches-et-noisettes\/\">G\u00e2teau aux p\u00eaches et noisettes<\/a><\/li><li><a href=\"https:\/\/www.alcollot.fr\/Recettes\/gateau-basque\/\">G\u00e2teau basque<\/a><\/li><li><a href=\"https:\/\/www.alcollot.fr\/Recettes\/gateau-de-metz\/\">G\u00e2teau de Metz<\/a><\/li><li><a href=\"https:\/\/www.alcollot.fr\/Recettes\/gateau-glace-au-rhum\/\">G\u00e2teau glac\u00e9 au rhum<\/a><\/li><li><a href=\"https:\/\/www.alcollot.fr\/Recettes\/gateau-magique\/\">G\u00e2teau magique<\/a><\/li><li><a href=\"https:\/\/www.alcollot.fr\/Recettes\/gateau-marbre\/\">G\u00e2teau marbr\u00e9<\/a><\/li><li><a href=\"https:\/\/www.alcollot.fr\/Recettes\/gateau-moelleux-recette-de-base\/\">G\u00e2teau moelleux (recette de base)<\/a><\/li><li><a href=\"https:\/\/www.alcollot.fr\/Recettes\/gateau-moelleux-au-raisin\/\">G\u00e2teau moelleux au raisin<\/a><\/li><li><a href=\"https:\/\/www.alcollot.fr\/Recettes\/gateau-moelleux-aux-amandes\/\">G\u00e2teau moelleux aux amandes<\/a><\/li><li><a href=\"https:\/\/www.alcollot.fr\/Recettes\/gateau-moelleux-aux-pommes-ou-aux-poires\/\">G\u00e2teau moelleux aux pommes ou aux poires<\/a><\/li><li><a href=\"https:\/\/www.alcollot.fr\/Recettes\/gateau-moelleux-marbre\/\">G\u00e2teau moelleux marbr\u00e9<\/a><\/li><li><a href=\"https:\/\/www.alcollot.fr\/Recettes\/gateau-glace-au-citron\/\">G\u00e2teau nantais au citron<\/a><\/li><li><a href=\"https:\/\/www.alcollot.fr\/Recettes\/gateau-nuage-au-citron\/\">Gateau nuage au citron<\/a><\/li><li><a href=\"https:\/\/www.alcollot.fr\/Recettes\/gateau-pommes-noix-chocolat\/\">G\u00e2teau pommes, noix, chocolat<\/a><\/li><li><a href=\"https:\/\/www.alcollot.fr\/Recettes\/gateau-renverse-aux-ananas\/\">G\u00e2teau renvers\u00e9 aux ananas<\/a><\/li><li><a href=\"https:\/\/www.alcollot.fr\/Recettes\/gateau-tres-leger-aux-noix\/\">G\u00e2teau tr\u00e8s l\u00e9ger aux noix<\/a><\/li><li><a href=\"https:\/\/www.alcollot.fr\/Recettes\/le-gateau-au-chocolat-danais\/\">Le g\u00e2teau au chocolat d\u2019Ana\u00efs<\/a><\/li><li><a href=\"https:\/\/www.alcollot.fr\/Recettes\/macarons-a-la-rose-et-aux-framboises\/\">Macarons \u00e0 la rose et aux framboises<\/a><\/li><li><a href=\"https:\/\/www.alcollot.fr\/Recettes\/mini-gateaux-facon-tarte-citron-meringuee\/\">Mini Gateaux fa\u00e7on tarte citron meringu\u00e9e<\/a><\/li><li><a href=\"https:\/\/www.alcollot.fr\/Recettes\/muffins-a-lorange-et-au-chocolat\/\">Muffins \u00e0 l&rsquo;orange et au chocolat<\/a><\/li><li><a href=\"https:\/\/www.alcollot.fr\/Recettes\/pain-a-la-banane\/\">Pain \u00e0 la banane<\/a><\/li><li><a href=\"https:\/\/www.alcollot.fr\/Recettes\/paris-brest\/\">Paris Brest<\/a><\/li><li><a href=\"https:\/\/www.alcollot.fr\/Recettes\/pasteis-de-nata-portugal\/\">Pasteis de nata (Portugal)<\/a><\/li><li><a href=\"https:\/\/www.alcollot.fr\/Recettes\/petit-gateau\/\">Petit g\u00e2teau<\/a><\/li><li><a href=\"https:\/\/www.alcollot.fr\/Recettes\/petits-palets-au-citron\/\">Petits palets au citron<\/a><\/li><li><a href=\"https:\/\/www.alcollot.fr\/Recettes\/pudding-brioche-pommes\/\">Pudding Brioche Pommes<\/a><\/li><li><a href=\"https:\/\/www.alcollot.fr\/Recettes\/roses-de-pomme\/\">Roses de pommes<\/a><\/li><li><a href=\"https:\/\/www.alcollot.fr\/Recettes\/stollen\/\">Stollen<\/a><\/li><li><a href=\"https:\/\/www.alcollot.fr\/Recettes\/tarte-a-lorange\/\">Tarte \u00e0 l&rsquo;orange<\/a><\/li><li><a href=\"https:\/\/www.alcollot.fr\/Recettes\/tarte-a-la-compote-de-quetsches\/\">Tarte \u00e0 la compote de quetsches<\/a><\/li><li><a href=\"https:\/\/www.alcollot.fr\/Recettes\/tarte-au-chocolat\/\">Tarte au chocolat<\/a><\/li><li><a href=\"https:\/\/www.alcollot.fr\/Recettes\/tarte-au-citron-meringuee\/\">Tarte au citron meringu\u00e9e<\/a><\/li><li><a href=\"https:\/\/www.alcollot.fr\/Recettes\/tarte-au-fromage-blanc\/\">Tarte au fromage blanc<\/a><\/li><li><a href=\"https:\/\/www.alcollot.fr\/Recettes\/tarte-aux-amandes\/\">Tarte aux amandes<\/a><\/li><li><a href=\"https:\/\/www.alcollot.fr\/Recettes\/tarte-aux-amandes-2\/\">Tarte aux amandes<\/a><\/li><li><a href=\"https:\/\/www.alcollot.fr\/Recettes\/tarte-aux-clementines\/\">Tarte aux cl\u00e9mentines<\/a><\/li><li><a href=\"https:\/\/www.alcollot.fr\/Recettes\/tarte-aux-fraises-a-la-creme-mousseline\/\">Tarte aux fraises \u00e0 la cr\u00e8me mousseline<\/a><\/li><li><a href=\"https:\/\/www.alcollot.fr\/Recettes\/tarte-aux-fraises-a-la-creme-patissiere\/\">Tarte aux fraises \u00e0 la cr\u00e8me patissi\u00e8re<\/a><\/li><li><a href=\"https:\/\/www.alcollot.fr\/Recettes\/tarte-aux-fruits-secs\/\">Tarte aux fruits secs<\/a><\/li><li><a href=\"https:\/\/www.alcollot.fr\/Recettes\/tarte-aux-mandarines\/\">Tarte aux mandarines<\/a><\/li><li><a href=\"https:\/\/www.alcollot.fr\/Recettes\/tarte-aux-mirabelles\/\">Tarte aux mirabelles<\/a><\/li><li><a href=\"https:\/\/www.alcollot.fr\/Recettes\/tarte-aux-noix\/\">Tarte aux noix<\/a><\/li><li><a href=\"https:\/\/www.alcollot.fr\/Recettes\/tarte-aux-noix-2\/\">Tarte aux noix 2<\/a><\/li><li><a href=\"https:\/\/www.alcollot.fr\/Recettes\/tarte-aux-pommes\/\">Tarte aux pommes<\/a><\/li><li><a href=\"https:\/\/www.alcollot.fr\/Recettes\/tarte-aux-quetsches\/\">Tarte aux quetsches<\/a><\/li><li><a href=\"https:\/\/www.alcollot.fr\/Recettes\/tarte-aux-raisins\/\">Tarte aux raisins<\/a><\/li><li><a href=\"https:\/\/www.alcollot.fr\/Recettes\/tarte-en-pate-sablee\/\">Tarte en p\u00e2te sabl\u00e9e<\/a><\/li><li><a href=\"https:\/\/www.alcollot.fr\/Recettes\/tarte-espagnole\/\">Tarte espagnole<\/a><\/li><li><a href=\"https:\/\/www.alcollot.fr\/Recettes\/variations-sur-le-pithivier-ou-galette-des-rois\/\">Variations sur le Pithiviers ou galette des rois<\/a><\/li><li><a href=\"https:\/\/www.alcollot.fr\/Recettes\/verrine-facon-tarte-au-citron-meringuee\/\">Verrine fa\u00e7on tarte au citron meringu\u00e9e<\/a><\/li><\/ul>\n<p>Et aussi&#8230;<\/p>\n<ul class=\"lcp_catlist\" id=\"lcp_instance_0\"><li><a href=\"https:\/\/www.alcollot.fr\/Recettes\/charlotte-aux-amandesdessert-de-mon-enfance\/\">Charlotte aux amandes(dessert de mon enfance)<\/a><\/li><li><a href=\"https:\/\/www.alcollot.fr\/Recettes\/gateau-a-lorange\/\">G\u00e2teau \u00e0 l&rsquo;orange<\/a><\/li><li><a href=\"https:\/\/www.alcollot.fr\/Recettes\/guimauve\/\">Guimauve<\/a><\/li><li><a href=\"https:\/\/www.alcollot.fr\/Recettes\/savarin\/\">Savarin<\/a><\/li><\/ul>\n","protected":false},"excerpt":{"rendered":"<p>Cr\u00eapes et beignets Desserts au chocolat Desserts aux fruits Glaces, cr\u00e8mes et souffl\u00e9s Petits fours et g\u00e2teaux de No\u00ebl Tartes, g\u00e2teaux et galettes Et aussi&#8230;<\/p>\n","protected":false},"author":1,"featured_media":0,"parent":0,"menu_order":0,"comment_status":"closed","ping_status":"closed","template":"","meta":{"footnotes":""},"class_list":["post-845","page","type-page","status-publish","hentry","no-post-thumbnail"],"_links":{"self":[{"href":"https:\/\/www.alcollot.fr\/Recettes\/wp-json\/wp\/v2\/pages\/845","targetHints":{"allow":["GET"]}}],"collection":[{"href":"https:\/\/www.alcollot.fr\/Recettes\/wp-json\/wp\/v2\/pages"}],"about":[{"href":"https:\/\/www.alcollot.fr\/Recettes\/wp-json\/wp\/v2\/types\/page"}],"author":[{"embeddable":true,"href":"https:\/\/www.alcollot.fr\/Recettes\/wp-json\/wp\/v2\/users\/1"}],"replies":[{"embeddable":true,"href":"https:\/\/www.alcollot.fr\/Recettes\/wp-json\/wp\/v2\/comments?post=845"}],"version-history":[{"count":6,"href":"https:\/\/www.alcollot.fr\/Recettes\/wp-json\/wp\/v2\/pages\/845\/revisions"}],"predecessor-version":[{"id":851,"href":"https:\/\/www.alcollot.fr\/Recettes\/wp-json\/wp\/v2\/pages\/845\/revisions\/851"}],"wp:attachment":[{"href":"https:\/\/www.alcollot.fr\/Recettes\/wp-json\/wp\/v2\/media?parent=845"}],"curies":[{"name":"wp","href":"https:\/\/api.w.org\/{rel}","templated":true}]}}