{"id":691,"date":"2018-08-11T16:55:28","date_gmt":"2018-08-11T14:55:28","guid":{"rendered":"http:\/\/www.alcollot.fr\/Recettes\/?page_id=691"},"modified":"2018-08-11T17:01:05","modified_gmt":"2018-08-11T15:01:05","slug":"plats-de-a-a-z","status":"publish","type":"page","link":"https:\/\/www.alcollot.fr\/Recettes\/plats-de-a-a-z\/","title":{"rendered":"Plats de A \u00e0 Z"},"content":{"rendered":"<p>L\u00e9gumes et accompagnement<\/p>\n<ul class=\"lcp_catlist\" id=\"lcp_instance_0\"><li><a href=\"https:\/\/www.alcollot.fr\/Recettes\/aubergine-grillees-legumes-pour-accompagner-un-barbecue\/\">Aubergine grill\u00e9es, l\u00e9gumes pour accompagner un barbecue<\/a><\/li><li><a href=\"https:\/\/www.alcollot.fr\/Recettes\/beignets-daubergines\/\">Beignets d&rsquo;aubergines<\/a><\/li><li><a href=\"https:\/\/www.alcollot.fr\/Recettes\/blinis\/\">Blinis<\/a><\/li><li><a href=\"https:\/\/www.alcollot.fr\/Recettes\/blinis-au-potimarron\/\">Blinis au potimarron<\/a><\/li><li><a href=\"https:\/\/www.alcollot.fr\/Recettes\/carottes-au-cumin\/\">Carottes au cumin<\/a><\/li><li><a href=\"https:\/\/www.alcollot.fr\/Recettes\/carottes-braisees-a-la-badiane\/\">Carottes brais\u00e9es \u00e0 la badiane<\/a><\/li><li><a href=\"https:\/\/www.alcollot.fr\/Recettes\/chou-rouge\/\">Chou rouge<\/a><\/li><li><a href=\"https:\/\/www.alcollot.fr\/Recettes\/choux-verts-aux-saucisses\/\">Choux aux saucisses fum\u00e9es<\/a><\/li><li><a href=\"https:\/\/www.alcollot.fr\/Recettes\/choux-verts-ou-milan-a-letouffee\/\">Choux verts ou milan \u00e0 l&rsquo;\u00e9touff\u00e9e<\/a><\/li><li><a href=\"https:\/\/www.alcollot.fr\/Recettes\/clafoutis-aux-legumes-du-soleil\/\">Clafoutis aux l\u00e9gumes du soleil<\/a><\/li><li><a href=\"https:\/\/www.alcollot.fr\/Recettes\/creme-de-petits-pois-au-bacon\/\">Cr\u00e8me de petits pois au bacon<\/a><\/li><li><a href=\"https:\/\/www.alcollot.fr\/Recettes\/crumble-de-courgettes-et-de-tomates-sechees\/\">Crumble de courgettes et de tomates s\u00e9ch\u00e9es<\/a><\/li><li><a href=\"https:\/\/www.alcollot.fr\/Recettes\/crumble-de-legumes-dete\/\">Crumble de l\u00e9gumes d\u2019\u00e9t\u00e9<\/a><\/li><li><a href=\"https:\/\/www.alcollot.fr\/Recettes\/fenouil-grille-legumes-pour-accompagner-un-barbecue\/\">Fenouil grill\u00e9, l\u00e9gumes pour accompagner un barbecue<\/a><\/li><li><a href=\"https:\/\/www.alcollot.fr\/Recettes\/gratin-de-chou-fleur\/\">Gratin de chou-fleur<\/a><\/li><li><a href=\"https:\/\/www.alcollot.fr\/Recettes\/gratin-de-courgettes\/\">Gratin de courgettes<\/a><\/li><li><a href=\"https:\/\/www.alcollot.fr\/Recettes\/gratin-de-poireaux-pommes-de-terre\/\">Gratin de poireaux, pommes de terre<\/a><\/li><li><a href=\"https:\/\/www.alcollot.fr\/Recettes\/gratin-de-potiron-ou-potimarron\/\">Gratin de potiron ou potimarron<\/a><\/li><li><a href=\"https:\/\/www.alcollot.fr\/Recettes\/haricots-verts-et-haricots-en-grains-frais\/\">Haricots verts et haricots en grains frais<\/a><\/li><li><a href=\"https:\/\/www.alcollot.fr\/Recettes\/jardiniere-de-legumes\/\">Jardini\u00e8re de l\u00e9gumes<\/a><\/li><li><a href=\"https:\/\/www.alcollot.fr\/Recettes\/minestrone\/\">Minestrone<\/a><\/li><li><a href=\"https:\/\/www.alcollot.fr\/Recettes\/petits-flancs-de-potimarron-aux-raisins-secs\/\">Petits flancs de potimarron aux raisins secs<\/a><\/li><li><a href=\"https:\/\/www.alcollot.fr\/Recettes\/poelee-dautomne\/\">Po\u00eal\u00e9e d\u2019automne<\/a><\/li><li><a href=\"https:\/\/www.alcollot.fr\/Recettes\/poivrons-marines-legumes-pour-accompagner-un-barbecue\/\">Poivrons marines, l\u00e9gumes pour accompagner un barbecue<\/a><\/li><li><a href=\"https:\/\/www.alcollot.fr\/Recettes\/pommes-de-terre-fondantes\/\">Pommes de terre fondantes<\/a><\/li><li><a href=\"https:\/\/www.alcollot.fr\/Recettes\/rape-de-courgettes\/\">R\u00e2p\u00e9 de courgettes<\/a><\/li><li><a href=\"https:\/\/www.alcollot.fr\/Recettes\/risotto\/\">Risotto<\/a><\/li><li><a href=\"https:\/\/www.alcollot.fr\/Recettes\/tarte-aux-carottes-et-curry\/\">Tarte aux carottes et curry<\/a><\/li><\/ul>\n<p>Plats uniques<\/p>\n<ul class=\"lcp_catlist\" id=\"lcp_instance_0\"><li><a href=\"https:\/\/www.alcollot.fr\/Recettes\/baeckeoffe-de-poisson\/\">Baeckeoffe de poisson<\/a><\/li><li><a href=\"https:\/\/www.alcollot.fr\/Recettes\/cassoulet-de-castelnaudary\/\">Cassoulet de Castelnaudary<\/a><\/li><li><a href=\"https:\/\/www.alcollot.fr\/Recettes\/choucroute-de-poissons\/\">Choucroute de poissons<\/a><\/li><li><a href=\"https:\/\/www.alcollot.fr\/Recettes\/jambalaya\/\">Jambalaya<\/a><\/li><li><a href=\"https:\/\/www.alcollot.fr\/Recettes\/lasagnes-au-saumon\/\">Lasagnes au saumon<\/a><\/li><li><a href=\"https:\/\/www.alcollot.fr\/Recettes\/paella\/\">Paella<\/a><\/li><li><a href=\"https:\/\/www.alcollot.fr\/Recettes\/tete-de-veau-sauce-ravigote\/\">T\u00eate de veau sauce ravigote<\/a><\/li><\/ul>\n<p>Poissons et crustac\u00e9s<\/p>\n<ul class=\"lcp_catlist\" id=\"lcp_instance_0\"><li><a href=\"https:\/\/www.alcollot.fr\/Recettes\/dos-de-cabillaud-aux-agrumes\/\">Dos de cabillaud aux agrumes<\/a><\/li><li><a href=\"https:\/\/www.alcollot.fr\/Recettes\/dos-de-cabillaud-aux-pamplemousses-et-sabayon-au-champagne\/\">Dos de cabillaud aux pamplemousses et sabayon  au champagne<\/a><\/li><li><a href=\"https:\/\/www.alcollot.fr\/Recettes\/duo-de-poisson-sur-risotto-au-mais\/\">Duo de poisson sur risotto au ma\u00efs<\/a><\/li><li><a href=\"https:\/\/www.alcollot.fr\/Recettes\/filet-de-bar-aux-asperges-et-tomates-confites-au-sancerre\/\">Filet de bar aux asperges et tomates confites au Sancerre<\/a><\/li><li><a href=\"https:\/\/www.alcollot.fr\/Recettes\/filet-de-lotte-au-bacon\/\">Filet de lotte au bacon<\/a><\/li><li><a href=\"https:\/\/www.alcollot.fr\/Recettes\/filet-de-lotte-sauce-au-vin-rouge\/\">Filet de lotte, sauce au vin rouge<\/a><\/li><li><a href=\"https:\/\/www.alcollot.fr\/Recettes\/filet-despadon-sur-risotto-facon-paella\/\">Filet d\u2019espadon sur risotto fa\u00e7on paella<\/a><\/li><li><a href=\"https:\/\/www.alcollot.fr\/Recettes\/koulibiac-de-saumon-2\/\">Koulibiac de saumon<\/a><\/li><li><a href=\"https:\/\/www.alcollot.fr\/Recettes\/lotte-aux-petits-legumes\/\">Lotte aux petits l\u00e9gumes<\/a><\/li><li><a href=\"https:\/\/www.alcollot.fr\/Recettes\/noix-de-saint-jacques-et-litchis-sur-creme-de-chou-fleur\/\">Noix de Saint-jacques et litchis sur cr\u00e8me de chou-fleur<\/a><\/li><li><a href=\"https:\/\/www.alcollot.fr\/Recettes\/soles-en-mousseline-de-brocolis\/\">Soles en mousseline de brocolis<\/a><\/li><li><a href=\"https:\/\/www.alcollot.fr\/Recettes\/tourte-au-saumon-2\/\">Tourte au saumon<\/a><\/li><li><a href=\"https:\/\/www.alcollot.fr\/Recettes\/turban-de-poisson\/\">Turban de poisson<\/a><\/li><\/ul>\n<p>Viandes<\/p>\n<ul class=\"lcp_catlist\" id=\"lcp_instance_0\"><li><a href=\"https:\/\/www.alcollot.fr\/Recettes\/blanquette-de-veau\/\">Blanquette de veau<\/a><\/li><li><a href=\"https:\/\/www.alcollot.fr\/Recettes\/blanquette-exotique\/\">Blanquette exotique<\/a><\/li><li><a href=\"https:\/\/www.alcollot.fr\/Recettes\/carre-dagneau-tapenade-sauce-au-cassis\/\">Carr\u00e9 d\u2019agneau, tapenade, sauce au cassis<\/a><\/li><li><a href=\"https:\/\/www.alcollot.fr\/Recettes\/mijote-de-veau-aux-epices-et-aux-fruits\/\">Cocotte de veau aux \u00e9pices et aux fruits<\/a><\/li><li><a href=\"https:\/\/www.alcollot.fr\/Recettes\/cotes-de-porc-poireaux-braises\/\">C\u00f4tes de porc, poireaux brais\u00e9s<\/a><\/li><li><a href=\"https:\/\/www.alcollot.fr\/Recettes\/couscous\/\">Couscous<\/a><\/li><li><a href=\"https:\/\/www.alcollot.fr\/Recettes\/croustade-dagneau\/\">Croustade d&rsquo;agneau<\/a><\/li><li><a href=\"https:\/\/www.alcollot.fr\/Recettes\/croustillant-de-pieds-de-porc-aux-cepes\/\">Croustillant de pieds de porc aux c\u00e8pes<\/a><\/li><li><a href=\"https:\/\/www.alcollot.fr\/Recettes\/curry-dagneau-ou-veau-ou-volaille\/\">Curry d&rsquo;agneau (ou veau ou volaille)<\/a><\/li><li><a href=\"https:\/\/www.alcollot.fr\/Recettes\/epaule-dagneau-confite\/\">Epaule d&rsquo;agneau confite<\/a><\/li><li><a href=\"https:\/\/www.alcollot.fr\/Recettes\/epaule-dagneau-ou-porc-boulangere\/\">Epaule d\u2019agneau (ou porc) boulang\u00e8re<\/a><\/li><li><a href=\"https:\/\/www.alcollot.fr\/Recettes\/filet-de-boeuf-en-cocotte-sur-compotee-doignons\/\">Filet de boeuf en cocotte sur compot\u00e9e d\u2019oignons<\/a><\/li><li><a href=\"https:\/\/www.alcollot.fr\/Recettes\/filet-de-boeuf-en-croute-au-foie-gras-et-banyuls\/\">Filet de boeuf en croute au foie gras et Banyuls<\/a><\/li><li><a href=\"https:\/\/www.alcollot.fr\/Recettes\/filet-de-lapereau-ou-volaille-aux-pruneaux\/\">Filet de lapereau (ou volaille) aux pruneaux<\/a><\/li><li><a href=\"https:\/\/www.alcollot.fr\/Recettes\/filet-mignon-aux-fruits-secs-et-polenta-moelleuse\/\">Filet mignon aux fruits secs et polenta moelleuse<\/a><\/li><li><a href=\"https:\/\/www.alcollot.fr\/Recettes\/grenadins-de-veau-au-vin-jaune-et-aux-morilles\/\">Grenadins de veau au vin jaune et aux morilles<\/a><\/li><li><a href=\"https:\/\/www.alcollot.fr\/Recettes\/jambon-sauce-au-porto\/\">Jambon sauce au porto<\/a><\/li><li><a href=\"https:\/\/www.alcollot.fr\/Recettes\/jambon-sauce-au-porto-2\/\">Jambon, sauce au porto<\/a><\/li><li><a href=\"https:\/\/www.alcollot.fr\/Recettes\/jarret-de-veau-de-4-heures\/\">Jarret de veau de 4 heures<\/a><\/li><li><a href=\"https:\/\/www.alcollot.fr\/Recettes\/joue-de-boeuf-aux-cepes\/\">Joue de boeuf aux c\u00e8pes<\/a><\/li><li><a href=\"https:\/\/www.alcollot.fr\/Recettes\/medaillon-de-veau-au-coulis-de-poivron\/\">M\u00e9daillon de veau au coulis de poivron<\/a><\/li><li><a href=\"https:\/\/www.alcollot.fr\/Recettes\/meli-melo-de-lapin-poulet-epices-et-legumes\/\">Meli-Melo de lapin-poulet-\u00e9pices et l\u00e9gumes<\/a><\/li><li><a href=\"https:\/\/www.alcollot.fr\/Recettes\/navarin-dagneau\/\">Navarin d&rsquo;agneau<\/a><\/li><li><a href=\"https:\/\/www.alcollot.fr\/Recettes\/osso-bucco\/\">Osso Bucco<\/a><\/li><li><a href=\"https:\/\/www.alcollot.fr\/Recettes\/parmentier-dagneau-a-lorientale\/\">Parmentier d\u2019agneau \u00e0 l\u2019orientale<\/a><\/li><li><a href=\"https:\/\/www.alcollot.fr\/Recettes\/pastillas-de-cailles-ou-pigeon-ou-poulet\/\">Pastillas individuelles de caille (ou pigeon ou poulet)<\/a><\/li><li><a href=\"https:\/\/www.alcollot.fr\/Recettes\/rosettes-dagneau-en-croute-dherbes-galettes-de-courgettes-et-flan-dail\/\">Rosettes d\u2019agneau en cro\u00fbte d\u2019herbes, galettes de courgettes et flan d\u2019ail<\/a><\/li><li><a href=\"https:\/\/www.alcollot.fr\/Recettes\/roti-de-veau-a-litalienne-et-sa-sauce-au-thon\/\">R\u00f4ti de veau \u00e0 l\u2019italienne et sa sauce au thon<\/a><\/li><li><a href=\"https:\/\/www.alcollot.fr\/Recettes\/souris-dagneau-au-gigondas-et-romarin\/\">Souris d&rsquo;agneau au gigondas et romarin<\/a><\/li><li><a href=\"https:\/\/www.alcollot.fr\/Recettes\/souris-dagneau-aux-citrons-confits-et-aux-olives-2\/\">Souris d&rsquo;agneau aux citrons confits et aux olives<\/a><\/li><li><a href=\"https:\/\/www.alcollot.fr\/Recettes\/supremes-de-pintade-sauce-au-foie-gras\/\">Supr\u00eames de pintade sauce au foie gras<\/a><\/li><li><a href=\"https:\/\/www.alcollot.fr\/Recettes\/tajine-dagneau-aux-fruits-secs-et-petits-legumes\/\">Tajine d\u2019agneau aux fruits secs et petits l\u00e9gumes<\/a><\/li><\/ul>\n<p>Volailles et lapins<\/p>\n<ul class=\"lcp_catlist\" id=\"lcp_instance_0\"><li><a href=\"https:\/\/www.alcollot.fr\/Recettes\/brochettes-de-filet-de-canard-a-lorientale\/\">Brochettes de filet de canard \u00e0 l\u2019orientale<\/a><\/li><li><a href=\"https:\/\/www.alcollot.fr\/Recettes\/canard-a-lorange\/\">Canard \u00e0 l&rsquo;orange<\/a><\/li><li><a href=\"https:\/\/www.alcollot.fr\/Recettes\/cassolette-des-iles\/\">Cassolette des iles<\/a><\/li><li><a href=\"https:\/\/www.alcollot.fr\/Recettes\/chapon\/\">Chapon<\/a><\/li><li><a href=\"https:\/\/www.alcollot.fr\/Recettes\/chartreuse-de-filets-de-canard\/\">Chartreuse de filets de canard<\/a><\/li><li><a href=\"https:\/\/www.alcollot.fr\/Recettes\/crumble-de-lapin-aux-noisettes\/\">Crumble de lapin aux noisettes<\/a><\/li><li><a href=\"https:\/\/www.alcollot.fr\/Recettes\/curry-vert-de-poulet\/\">Curry vert de poulet<\/a><\/li><li><a href=\"https:\/\/www.alcollot.fr\/Recettes\/feuillete-de-pigeons\/\">Feuillet\u00e9 de pigeons<\/a><\/li><li><a href=\"https:\/\/www.alcollot.fr\/Recettes\/filet-de-dinde-aux-morilles-et-foie-gras\/\">Filet de dinde aux morilles et foie gras<\/a><\/li><li><a href=\"https:\/\/www.alcollot.fr\/Recettes\/filet-de-dinde-farci\/\">Filet de dinde farci<\/a><\/li><li><a href=\"https:\/\/www.alcollot.fr\/Recettes\/filets-de-canard-aux-cerises-et-aux-epices\/\">Filets de canard aux cerises et aux \u00e9pices<\/a><\/li><li><a href=\"https:\/\/www.alcollot.fr\/Recettes\/filets-de-canard-aux-olives\/\">Filets de Canard aux olives<\/a><\/li><li><a href=\"https:\/\/www.alcollot.fr\/Recettes\/navarin-de-canard\/\">Navarin de canard<\/a><\/li><li><a href=\"https:\/\/www.alcollot.fr\/Recettes\/petits-parmentiers-de-canard-sauce-au-foie-gras\/\">Petits parmentiers de canard, sauce au foie gras<\/a><\/li><li><a href=\"https:\/\/www.alcollot.fr\/Recettes\/poulet-aux-citrons-confits\/\">Poulet aux citrons confits<\/a><\/li><li><a href=\"https:\/\/www.alcollot.fr\/Recettes\/supreme-de-pintade-aux-marrons\/\">Supr\u00eame de pintade aux marrons<\/a><\/li><li><a href=\"https:\/\/www.alcollot.fr\/Recettes\/1052-2\/\">Supr\u00eame de pintade sauce au Porto et foie gras<\/a><\/li><li><a href=\"https:\/\/www.alcollot.fr\/Recettes\/supremes-et-cuisse-de-canard-facon-canard-sauvage\/\">Supr\u00eames et cuisse de canard, fa\u00e7on canard sauvage.<\/a><\/li><li><a href=\"https:\/\/www.alcollot.fr\/Recettes\/tourte-de-pintade-au-foie-gras-et-echalotes-confites\/\">Tourte de pintade au foie gras et \u00e9chalotes confites<\/a><\/li><li><a href=\"https:\/\/www.alcollot.fr\/Recettes\/waterzoil-de-poulet\/\">Waterzoil de Poulet<\/a><\/li><\/ul>\n<p>Et aussi&#8230;<\/p>\n<ul class=\"lcp_catlist\" id=\"lcp_instance_0\"><li><a href=\"https:\/\/www.alcollot.fr\/Recettes\/cuisse-de-grenouille-au-curry\/\">Cuisse de grenouille au curry<\/a><\/li><li><a href=\"https:\/\/www.alcollot.fr\/Recettes\/ris-de-veau-aux-morilles-et-vin-jaune\/\">Ris de veau aux morilles et vin jaune<\/a><\/li><li><a href=\"https:\/\/www.alcollot.fr\/Recettes\/tripes-a-ma-facon\/\">Tripes \u00e0 ma fa\u00e7on<\/a><\/li><\/ul>\n","protected":false},"excerpt":{"rendered":"<p>L\u00e9gumes et accompagnement Plats uniques Poissons et crustac\u00e9s Viandes Volailles et lapins Et aussi&#8230;<\/p>\n","protected":false},"author":1,"featured_media":0,"parent":0,"menu_order":0,"comment_status":"closed","ping_status":"closed","template":"","meta":{"footnotes":""},"class_list":["post-691","page","type-page","status-publish","hentry","no-post-thumbnail"],"_links":{"self":[{"href":"https:\/\/www.alcollot.fr\/Recettes\/wp-json\/wp\/v2\/pages\/691","targetHints":{"allow":["GET"]}}],"collection":[{"href":"https:\/\/www.alcollot.fr\/Recettes\/wp-json\/wp\/v2\/pages"}],"about":[{"href":"https:\/\/www.alcollot.fr\/Recettes\/wp-json\/wp\/v2\/types\/page"}],"author":[{"embeddable":true,"href":"https:\/\/www.alcollot.fr\/Recettes\/wp-json\/wp\/v2\/users\/1"}],"replies":[{"embeddable":true,"href":"https:\/\/www.alcollot.fr\/Recettes\/wp-json\/wp\/v2\/comments?post=691"}],"version-history":[{"count":7,"href":"https:\/\/www.alcollot.fr\/Recettes\/wp-json\/wp\/v2\/pages\/691\/revisions"}],"predecessor-version":[{"id":699,"href":"https:\/\/www.alcollot.fr\/Recettes\/wp-json\/wp\/v2\/pages\/691\/revisions\/699"}],"wp:attachment":[{"href":"https:\/\/www.alcollot.fr\/Recettes\/wp-json\/wp\/v2\/media?parent=691"}],"curies":[{"name":"wp","href":"https:\/\/api.w.org\/{rel}","templated":true}]}}