{"id":410,"date":"2018-08-05T11:11:13","date_gmt":"2018-08-05T09:11:13","guid":{"rendered":"http:\/\/www.alcollot.fr\/Recettes\/?page_id=410"},"modified":"2018-08-11T16:53:58","modified_gmt":"2018-08-11T14:53:58","slug":"mise-en-bouche-et-aperitifs","status":"publish","type":"page","link":"https:\/\/www.alcollot.fr\/Recettes\/mise-en-bouche-et-aperitifs\/","title":{"rendered":"Entr\u00e9es de A \u00e0 Z"},"content":{"rendered":"<p>Mise en bouche et ap\u00e9ritifs<\/p>\n<ul class=\"lcp_catlist\" id=\"lcp_instance_0\"><li><a href=\"https:\/\/www.alcollot.fr\/Recettes\/biscuit-de-crabe-porto-et-creme-dherbes\/\">Biscuit de crabe, porto et cr\u00e8me d&rsquo;herbes<\/a><\/li><li><a href=\"https:\/\/www.alcollot.fr\/Recettes\/bouchees-de-boursin-ail-et-fines-herbes-%c2%a7-saumon-fume\/\">Bouch\u00e9es de boursin ail et fines herbes \u00a7 saumon fum\u00e9<\/a><\/li><li><a href=\"https:\/\/www.alcollot.fr\/Recettes\/bouchees-de-saumon-frais\/\">Bouch\u00e9es de saumon frais<\/a><\/li><li><a href=\"https:\/\/www.alcollot.fr\/Recettes\/cake-de-courgettes-et-jambon\/\">Cake de courgettes et jambon<\/a><\/li><li><a href=\"https:\/\/www.alcollot.fr\/Recettes\/cake-sale-dautomne\/\">Cake Sal\u00e9 d\u2019Automne<\/a><\/li><li><a href=\"https:\/\/www.alcollot.fr\/Recettes\/cakes-aperitif-moules-demarle\/\">Cakes Ap\u00e9ritif (moules Demarle)<\/a><\/li><li><a href=\"https:\/\/www.alcollot.fr\/Recettes\/cappucino-de-cepes\/\">Cappucino de c\u00e8pes<\/a><\/li><li><a href=\"https:\/\/www.alcollot.fr\/Recettes\/cappucino-de-pomme-de-terre-aux-truffes\/\">Cappucino de pomme de terre aux truffes<\/a><\/li><li><a href=\"https:\/\/www.alcollot.fr\/Recettes\/capuccino-de-marrons-au-foie-gras\/\">Capuccino de marrons au foie gras<\/a><\/li><li><a href=\"https:\/\/www.alcollot.fr\/Recettes\/cassolette-descargots-aux-morilles\/\">Cassolette d&rsquo;escargots aux morilles<\/a><\/li><li><a href=\"https:\/\/www.alcollot.fr\/Recettes\/clafoutis-provencal\/\">Clafoutis proven\u00e7al<\/a><\/li><li><a href=\"https:\/\/www.alcollot.fr\/Recettes\/coquetier-pomme-damour\/\">Coquetier Pomme d&rsquo;amour<\/a><\/li><li><a href=\"https:\/\/www.alcollot.fr\/Recettes\/couronne-dautomne-a-la-poire-au-bleu-et-aux-noix\/\">Couronne d&rsquo;automne \u00e0 la poire, au bleu et aux noix<\/a><\/li><li><a href=\"https:\/\/www.alcollot.fr\/Recettes\/creme-au-chou-fleur-et-saumon-fume\/\">Cr\u00e8me au chou fleur et saumon fum\u00e9<\/a><\/li><li><a href=\"https:\/\/www.alcollot.fr\/Recettes\/creme-de-betterave-rouge-au-vinaigre-de-framboise\/\">Cr\u00e8me de betterave rouge au vinaigre de framboise<\/a><\/li><li><a href=\"https:\/\/www.alcollot.fr\/Recettes\/creme-de-chataigne-et-foie-gras\/\">Cr\u00e8me de ch\u00e2taigne et foie gras<\/a><\/li><li><a href=\"https:\/\/www.alcollot.fr\/Recettes\/creme-de-concombre-glacee\/\">Cr\u00e8me de concombre glac\u00e9e<\/a><\/li><li><a href=\"https:\/\/www.alcollot.fr\/Recettes\/creme-de-petits-pois-en-mise-en-bouche\/\">Cr\u00e8me de petits pois en mise en bouche<\/a><\/li><li><a href=\"https:\/\/www.alcollot.fr\/Recettes\/crevettes-au-sesame\/\">Crevettes au s\u00e9same<\/a><\/li><li><a href=\"https:\/\/www.alcollot.fr\/Recettes\/cromesquis-au-foie-gras\/\">Cromesquis au foie gras<\/a><\/li><li><a href=\"https:\/\/www.alcollot.fr\/Recettes\/feuilletes-au-fromage-de-chevre-ou-autre\/\">Feuillet\u00e9s au fromage de ch\u00e8vre ou autre<\/a><\/li><li><a href=\"https:\/\/www.alcollot.fr\/Recettes\/feuilletes-de-peches-au-brie\/\">Feuillet\u00e9s de p\u00eaches au brie<\/a><\/li><li><a href=\"https:\/\/www.alcollot.fr\/Recettes\/feuilletes-poire-roquefort\/\">Feuillet\u00e9s poire roquefort<\/a><\/li><li><a href=\"https:\/\/www.alcollot.fr\/Recettes\/fromages-frais-aux-pignons-de-pin\/\">Fromages frais aux pignons de pin<\/a><\/li><li><a href=\"https:\/\/www.alcollot.fr\/Recettes\/gambas-au-lard-sur-bisque-de-homard\/\">Gambas au lard sur bisque de homard<\/a><\/li><li><a href=\"https:\/\/www.alcollot.fr\/Recettes\/gambas-sur-coulis-de-carotte\/\">Gambas sur coulis de carotte<\/a><\/li><li><a href=\"https:\/\/www.alcollot.fr\/Recettes\/gambas-sur-guacamole\/\">Gambas sur guacamole<\/a><\/li><li><a href=\"https:\/\/www.alcollot.fr\/Recettes\/gaufres-en-mise-en-bouche\/\">Gaufres en mise en bouche<\/a><\/li><li><a href=\"https:\/\/www.alcollot.fr\/Recettes\/gazpacho\/\">Gazpacho<\/a><\/li><li><a href=\"https:\/\/www.alcollot.fr\/Recettes\/guacamole-aux-crevettes-epicees\/\">Guacamole aux crevettes \u00e9pic\u00e9es<\/a><\/li><li><a href=\"https:\/\/www.alcollot.fr\/Recettes\/ile-flottante-sur-creme-de-brocolis\/\">Ile flottante sur cr\u00e8me de brocolis<\/a><\/li><li><a href=\"https:\/\/www.alcollot.fr\/Recettes\/iles-flottantes-de-saumon-fume\/\">Iles flottantes de saumon fum\u00e9<\/a><\/li><li><a href=\"https:\/\/www.alcollot.fr\/Recettes\/jardin-suedois\/\">Jardin su\u00e9dois<\/a><\/li><li><a href=\"https:\/\/www.alcollot.fr\/Recettes\/magret-de-canard-en-gelee\/\">Magret de canard en gel\u00e9e<\/a><\/li><li><a href=\"https:\/\/www.alcollot.fr\/Recettes\/makis-de-saumon-au-fromage-frais\/\">Makis de saumon au fromage frais<\/a><\/li><li><a href=\"https:\/\/www.alcollot.fr\/Recettes\/mini-assiettes-de-saumon-marine-au-cidre\/\">Mini assiettes de saumon marin\u00e9 au cidre<\/a><\/li><li><a href=\"https:\/\/www.alcollot.fr\/Recettes\/mini-saint-jacques-a-la-venitienne\/\">Mini Saint-Jacques \u00e0 la V\u00e9nitienne<\/a><\/li><li><a href=\"https:\/\/www.alcollot.fr\/Recettes\/mini-tartelette-a-le-courgette-jambon\/\">Mini tartelette \u00e0 le courgette + jambon<\/a><\/li><li><a href=\"https:\/\/www.alcollot.fr\/Recettes\/mini-muffins-aux-noisettes-et-lardons\/\">Mini-Muffins aux noisettes et lardons<\/a><\/li><li><a href=\"https:\/\/www.alcollot.fr\/Recettes\/mise-en-bouche-de-crevettes-a-lananas\/\">Mise en bouche de crevettes \u00e0 l\u2019ananas<\/a><\/li><li><a href=\"https:\/\/www.alcollot.fr\/Recettes\/mise-en-bouche-tout-asperges\/\">Mise en bouche tout asperges<\/a><\/li><li><a href=\"https:\/\/www.alcollot.fr\/Recettes\/mousse-dasperges-et-truite-fumee\/\">Mousse d&rsquo;asperges et truite fum\u00e9e<\/a><\/li><li><a href=\"https:\/\/www.alcollot.fr\/Recettes\/mousse-de-carotte-au-cumin\/\">Mousse de carotte au cumin<\/a><\/li><li><a href=\"https:\/\/www.alcollot.fr\/Recettes\/noix-de-saint-jacques-au-curry\/\">Noix de Saint-Jacques au Curry<\/a><\/li><li><a href=\"https:\/\/www.alcollot.fr\/Recettes\/nougat-de-chevre-aperitif\/\">Nougat de ch\u00e8vre (ap\u00e9ritif)<\/a><\/li><li><a href=\"https:\/\/www.alcollot.fr\/Recettes\/nuages-de-chou-fleur\/\">Nuages de chou fleur<\/a><\/li><li><a href=\"https:\/\/www.alcollot.fr\/Recettes\/oeuf-cocotte-aux-cepes\/\">Oeuf cocotte aux c\u00e8pes<\/a><\/li><li><a href=\"https:\/\/www.alcollot.fr\/Recettes\/oeuf-cocotte-poivron-chorizo\/\">Oeuf cocotte Poivron Chorizo<\/a><\/li><li><a href=\"https:\/\/www.alcollot.fr\/Recettes\/oeufs-a-la-neige-sur-creme-anglaise-au-parmesan\/\">Oeufs \u00e0 la neige sur cr\u00e8me anglaise au parmesan<\/a><\/li><li><a href=\"https:\/\/www.alcollot.fr\/Recettes\/oufs-a-la-neige-sur-creme-anglaise-au-saumon\/\">Oeufs \u00e0 la neige sur cr\u00e8me anglaise au saumon<\/a><\/li><li><a href=\"https:\/\/www.alcollot.fr\/Recettes\/panna-cotta-au-bleu-de-bresse-aux-poires-et-aux-noix\/\">Panna Cotta au bleu de Bresse, aux poires et aux noix<\/a><\/li><li><a href=\"https:\/\/www.alcollot.fr\/Recettes\/panna-cotta-au-saumon-fume\/\">Panna Cotta au saumon fum\u00e9<\/a><\/li><li><a href=\"https:\/\/www.alcollot.fr\/Recettes\/pannacotta-avocat-thon-betterave-et-fromage-frais\/\">Pannacotta avocat, thon, betterave<\/a><\/li><li><a href=\"https:\/\/www.alcollot.fr\/Recettes\/pannacotta-avocat-thon-betterave\/\">Pannacotta avocat, thon, betterave<\/a><\/li><li><a href=\"https:\/\/www.alcollot.fr\/Recettes\/pannacotta-de-foie-gras-et-pain-depices\/\">Pannacotta de foie gras et pain d&rsquo;\u00e9pices<\/a><\/li><li><a href=\"https:\/\/www.alcollot.fr\/Recettes\/perles-du-japon-au-saumon-fume\/\">Perles du Japon au saumon fum\u00e9<\/a><\/li><li><a href=\"https:\/\/www.alcollot.fr\/Recettes\/petites-aumonieres-de-saumon-et-poireau\/\">Petites aumoni\u00e8res de saumon et poireau<\/a><\/li><li><a href=\"https:\/\/www.alcollot.fr\/Recettes\/petites-brochettes-de-petoncles\/\">Petites brochettes de p\u00e9toncles<\/a><\/li><li><a href=\"https:\/\/www.alcollot.fr\/Recettes\/petites-perles-en-mise-en-bouche\/\">Petites perles en mise en bouche<\/a><\/li><li><a href=\"https:\/\/www.alcollot.fr\/Recettes\/petits-choux-a-la-mousse-de-foie-gras\/\">Petits choux \u00e0 la mousse de foie gras<\/a><\/li><li><a href=\"https:\/\/www.alcollot.fr\/Recettes\/petits-cupcakes-au-saumon-pour-aperitif\/\">Petits cupcakes au saumon (pour ap\u00e9ritif)<\/a><\/li><li><a href=\"https:\/\/www.alcollot.fr\/Recettes\/petits-fromages-frais-en-croute-de-noisette\/\">Petits fromages frais en croute de noisette<\/a><\/li><li><a href=\"https:\/\/www.alcollot.fr\/Recettes\/rillettes-de-canard-au-foie-gras\/\">Rillettes de canard au foie gras<\/a><\/li><li><a href=\"https:\/\/www.alcollot.fr\/Recettes\/rillettes-de-champignon\/\">Rillettes de champignon<\/a><\/li><li><a href=\"https:\/\/www.alcollot.fr\/Recettes\/rillettes-de-crabe-et-dartichaut\/\">Rillettes de crabe et d&rsquo;artichaut<\/a><\/li><li><a href=\"https:\/\/www.alcollot.fr\/Recettes\/rillettes-de-maquereau\/\">Rillettes de maquereau<\/a><\/li><li><a href=\"https:\/\/www.alcollot.fr\/Recettes\/saint-jacques-a-lorange\/\">Saint-Jacques \u00e0 l&rsquo;orange<\/a><\/li><li><a href=\"https:\/\/www.alcollot.fr\/Recettes\/sardinade\/\">Sardinade<\/a><\/li><li><a href=\"https:\/\/www.alcollot.fr\/Recettes\/saumon-fume-sur-creme-brulee\/\">Saumon fum\u00e9 sur cr\u00e8me brul\u00e9e<\/a><\/li><li><a href=\"https:\/\/www.alcollot.fr\/Recettes\/soupe-de-melon\/\">Soupe de melon<\/a><\/li><li><a href=\"https:\/\/www.alcollot.fr\/Recettes\/sucettes-de-crepes-au-saumon-fume\/\">Sucettes de cr\u00eapes au saumon fum\u00e9<\/a><\/li><li><a href=\"https:\/\/www.alcollot.fr\/Recettes\/sucettes-de-parmesan\/\">Sucettes de parmesan<\/a><\/li><li><a href=\"https:\/\/www.alcollot.fr\/Recettes\/tapenade\/\">Tapenade<\/a><\/li><li><a href=\"https:\/\/www.alcollot.fr\/Recettes\/tartelettes-a-la-poire-et-a-la-fourme-dambert\/\">Tartelettes \u00e0 la poire et \u00e0 la fourme d&rsquo;ambert<\/a><\/li><li><a href=\"https:\/\/www.alcollot.fr\/Recettes\/tartelettes-aux-courgettes-et-jambon\/\">Tartelettes aux courgettes et jambon<\/a><\/li><li><a href=\"https:\/\/www.alcollot.fr\/Recettes\/tartelettes-aux-epinards-et-aux-amandes\/\">Tartelettes aux \u00e9pinards et aux amandes<\/a><\/li><li><a href=\"https:\/\/www.alcollot.fr\/Recettes\/tartes-fines-aux-tomates-cerises-pour-2-tartes\/\">Tartes fines aux tomates cerises (pour 2 tartes)<\/a><\/li><li><a href=\"https:\/\/www.alcollot.fr\/Recettes\/tzatziki-grec\/\">Tzatziki grec<\/a><\/li><li><a href=\"https:\/\/www.alcollot.fr\/Recettes\/verrines-de-tomates-mousse-de-pesto\/\">Verrines de tomates-mousse de pesto<\/a><\/li><\/ul>\n<p>Poissons et crustac\u00e9s<\/p>\n<ul class=\"lcp_catlist\" id=\"lcp_instance_0\"><li><a href=\"https:\/\/www.alcollot.fr\/Recettes\/ananas-au-crabe\/\">Ananas au crabe<\/a><\/li><li><a href=\"https:\/\/www.alcollot.fr\/Recettes\/carpaccio-de-saumon-aux-deux-sauces\/\">Carpaccio de saumon aux deux sauces<\/a><\/li><li><a href=\"https:\/\/www.alcollot.fr\/Recettes\/clafoutis-de-la-mer\/\">Clafoutis de la mer<\/a><\/li><li><a href=\"https:\/\/www.alcollot.fr\/Recettes\/couronne-aux-2-saumons\/\">Couronne aux 2 saumons<\/a><\/li><li><a href=\"https:\/\/www.alcollot.fr\/Recettes\/creme-de-haddock-en-gelee\/\">Cr\u00e8me de haddock en gel\u00e9e<\/a><\/li><li><a href=\"https:\/\/www.alcollot.fr\/Recettes\/creme-de-lait-de-coco-aux-noix-de-saint-jacques\/\">Cr\u00e8me de lait de coco aux noix de Saint-Jacques<\/a><\/li><li><a href=\"https:\/\/www.alcollot.fr\/Recettes\/creme-de-moules-et-legumes-en-soupiere-luttee\/\">Cr\u00e8me de moules et l\u00e9gumes en soupi\u00e8re lutt\u00e9e<\/a><\/li><li><a href=\"https:\/\/www.alcollot.fr\/Recettes\/creme-de-potimarron-et-noix-de-saint-jacques\/\">Cr\u00e8me de potimarron et noix de Saint Jacques<\/a><\/li><li><a href=\"https:\/\/www.alcollot.fr\/Recettes\/curry-de-crevettes-aux-petits-legumes\/\">Curry de crevettes aux petits l\u00e9gumes<\/a><\/li><li><a href=\"https:\/\/www.alcollot.fr\/Recettes\/curry-de-gambas\/\">Curry de gambas<\/a><\/li><li><a href=\"https:\/\/www.alcollot.fr\/Recettes\/curry-de-gambas-aux-petits-pois\/\">Curry de Gambas aux petits pois<\/a><\/li><li><a href=\"https:\/\/www.alcollot.fr\/Recettes\/des-de-saumon-panes-au-sesame-sur-guacamole\/\">D\u00e9s de saumon pan\u00e9s au s\u00e9same sur guacamole<\/a><\/li><li><a href=\"https:\/\/www.alcollot.fr\/Recettes\/entree-dete-gambas-et-avocats\/\">Entr\u00e9e d&rsquo;\u00e9t\u00e9 : gambas et avocats<\/a><\/li><li><a href=\"https:\/\/www.alcollot.fr\/Recettes\/filet-de-hareng-a-la-berlinoise\/\">Filet de hareng \u00e0 la berlinoise<\/a><\/li><li><a href=\"https:\/\/www.alcollot.fr\/Recettes\/fraicheur-de-crabe-sur-mousse-davocats\/\">Fraicheur de crabe sur mousse d\u2019avocats<\/a><\/li><li><a href=\"https:\/\/www.alcollot.fr\/Recettes\/galette-de-coquille-saint-jacques\/\">Galette de coquilles Saint Jacques<\/a><\/li><li><a href=\"https:\/\/www.alcollot.fr\/Recettes\/gambas-a-lindienne\/\">Gambas \u00e0 l\u2019indienne<\/a><\/li><li><a href=\"https:\/\/www.alcollot.fr\/Recettes\/gratin-de-gambas\/\">Gratin de gambas<\/a><\/li><li><a href=\"https:\/\/www.alcollot.fr\/Recettes\/lotte-aux-petits-legumes\/\">Lotte aux petits l\u00e9gumes<\/a><\/li><li><a href=\"https:\/\/www.alcollot.fr\/Recettes\/medaillons-de-langouste-sur-bouillon-de-coquillages-safrane\/\">M\u00e9daillons de langouste sur bouillon de coquillages safran\u00e9<\/a><\/li><li><a href=\"https:\/\/www.alcollot.fr\/Recettes\/mosaique-de-gambas-et-de-crabes\/\">Mosa\u00efque de gambas et de crabes<\/a><\/li><li><a href=\"https:\/\/www.alcollot.fr\/Recettes\/mousse-de-thon\/\">Mousse de thon<\/a><\/li><li><a href=\"https:\/\/www.alcollot.fr\/Recettes\/mousseline-de-merlan-au-beurre-de-ciboulette-et-concassee-de-tomate\/\">Mousseline de merlan, au beurre de ciboulette et concass\u00e9e de tomate<\/a><\/li><li><a href=\"https:\/\/www.alcollot.fr\/Recettes\/noix-de-petoncles-creme-de-noisette\/\">Noix de P\u00e9toncles cr\u00e8me de noisette<\/a><\/li><li><a href=\"https:\/\/www.alcollot.fr\/Recettes\/noix-de-saint-jacques-sur-bouillon-de-poulette-et-pois-mange-tout\/\">Noix de Saint-Jacques sur bouillon de poulette et pois mange-tout<\/a><\/li><li><a href=\"https:\/\/www.alcollot.fr\/Recettes\/noix-de-saint-jacques-sur-compotee-dartichaut-et-jus-dagrume\/\">Noix de Saint-Jacques sur compot\u00e9e d\u2019artichaut et jus d\u2019agrume<\/a><\/li><li><a href=\"https:\/\/www.alcollot.fr\/Recettes\/noix-de-saint-jacques-sur-creme-de-petits-pois\/\">Noix de Saint-Jacques sur cr\u00e8me de petits pois<\/a><\/li><li><a href=\"https:\/\/www.alcollot.fr\/Recettes\/noix-de-saint-jacques-sur-emulsion-de-pain-brule\/\">Noix de Saint-Jacques sur \u00e9mulsion de pain br\u00fbl\u00e9<\/a><\/li><li><a href=\"https:\/\/www.alcollot.fr\/Recettes\/noix-de-saint-jacques-emusion-de-celeri\/\">Noix de Saint-Jacques, \u00e9musion de c\u00e9leri<\/a><\/li><li><a href=\"https:\/\/www.alcollot.fr\/Recettes\/petite-nage-en-montgolfiere\/\">Petite nage en montgolfi\u00e8re<\/a><\/li><li><a href=\"https:\/\/www.alcollot.fr\/Recettes\/petites-mousselines-aux-deux-poissons\/\">Petites mousselines aux deux poissons<\/a><\/li><li><a href=\"https:\/\/www.alcollot.fr\/Recettes\/petits-rouleaux-de-saumon-fume-au-raifort\/\">Petits rouleaux de saumon fum\u00e9 au raifort<\/a><\/li><li><a href=\"https:\/\/www.alcollot.fr\/Recettes\/presskopf-de-saumon\/\">Presskopf de saumon<\/a><\/li><li><a href=\"https:\/\/www.alcollot.fr\/Recettes\/ravioles-aux-gambas-et-a-lestragon\/\">Ravioles aux gambas et \u00e0 l\u2019estragon<\/a><\/li><li><a href=\"https:\/\/www.alcollot.fr\/Recettes\/rillettes-de-saumon\/\">Rillettes de saumon<\/a><\/li><li><a href=\"https:\/\/www.alcollot.fr\/Recettes\/royale-dasperges-noix-de-saint-jacques\/\">Royale d\u2019asperges, noix de Saint-Jacques<\/a><\/li><li><a href=\"https:\/\/www.alcollot.fr\/Recettes\/saint-jacques-aux-asperges\/\">Saint Jacques aux asperges<\/a><\/li><li><a href=\"https:\/\/www.alcollot.fr\/Recettes\/saint-jacques-vinaigrette-au-beurre-noisette\/\">Saint Jacques vinaigrette au beurre noisette<\/a><\/li><li><a href=\"https:\/\/www.alcollot.fr\/Recettes\/tartare-aux-deux-saumons-sur-ecrase-de-pomme-de-terre\/\">Tartare aux deux saumons sur \u00e9cras\u00e9 de pomme de terre<\/a><\/li><li><a href=\"https:\/\/www.alcollot.fr\/Recettes\/terrine-de-la-mer-aux-quatre-sauces\/\">Terrine de la mer aux quatre sauces<\/a><\/li><li><a href=\"https:\/\/www.alcollot.fr\/Recettes\/terrine-de-lotte-au-paprika\/\">Terrine de lotte au paprika<\/a><\/li><li><a href=\"https:\/\/www.alcollot.fr\/Recettes\/terrine-de-mousse-de-truite\/\">Terrine de mousse de truite<\/a><\/li><li><a href=\"https:\/\/www.alcollot.fr\/Recettes\/terrine-de-saint-jacques-au-poireau\/\">Terrine de Saint Jacques au poireau<\/a><\/li><li><a href=\"https:\/\/www.alcollot.fr\/Recettes\/terrine-de-saumon-aux-noix-de-saint-jacques\/\">Terrine de saumon aux noix de Saint-Jacques<\/a><\/li><li><a href=\"https:\/\/www.alcollot.fr\/Recettes\/terrine-de-saumon-fume-et-caviar-ou-succedane\/\">Terrine de Saumon fum\u00e9 et caviar ou succ\u00e9dan\u00e9<\/a><\/li><li><a href=\"https:\/\/www.alcollot.fr\/Recettes\/terrine-de-saumon-gambas-saint-jacques-a-la-creme\/\">Terrine de saumon, gambas, Saint-Jacques \u00e0 la cr\u00e8me citronn\u00e9e<\/a><\/li><li><a href=\"https:\/\/www.alcollot.fr\/Recettes\/tzatziki-au-saumon\/\">Tzatziki au saumon<\/a><\/li><li><a href=\"https:\/\/www.alcollot.fr\/Recettes\/veloute-de-truite-rose-a-la-creme-depinard\/\">Velout\u00e9 de truite rose \u00e0 la cr\u00e8me d\u2019\u00e9pinard<\/a><\/li><\/ul>\n<p>Tartes, tourtes et quiches<\/p>\n<ul class=\"lcp_catlist\" id=\"lcp_instance_0\"><li><a href=\"https:\/\/www.alcollot.fr\/Recettes\/bouchees-a-la-reine\/\">Bouch\u00e9es \u00e0 la reine<\/a><\/li><li><a href=\"https:\/\/www.alcollot.fr\/Recettes\/feuilletes-aux-asperges-et-aux-morilles\/\">Feuillet\u00e9s aux asperges et aux morilles<\/a><\/li><li><a href=\"https:\/\/www.alcollot.fr\/Recettes\/koulibiac-de-saumon-2\/\">Koulibiac de saumon<\/a><\/li><li><a href=\"https:\/\/www.alcollot.fr\/Recettes\/la-quiche-danais-pour-son-papa\/\">La quiche d\u2019Ana\u00efs pour son Papa<\/a><\/li><li><a href=\"https:\/\/www.alcollot.fr\/Recettes\/pates-en-croute-chaud\/\">P\u00e2t\u00e9s en croute chaud<\/a><\/li><li><a href=\"https:\/\/www.alcollot.fr\/Recettes\/quiche-lorraine\/\">Quiche lorraine<\/a><\/li><li><a href=\"https:\/\/www.alcollot.fr\/Recettes\/saucisson-en-brioche\/\">Saucisson en brioche<\/a><\/li><li><a href=\"https:\/\/www.alcollot.fr\/Recettes\/tarte-a-loignon\/\">Tarte \u00e0 l&rsquo;oignon<\/a><\/li><li><a href=\"https:\/\/www.alcollot.fr\/Recettes\/tarte-aux-legumes-du-soleil\/\">Tarte aux l\u00e9gumes du soleil<\/a><\/li><li><a href=\"https:\/\/www.alcollot.fr\/Recettes\/tarte-aux-poireaux\/\">Tarte aux poireaux<\/a><\/li><li><a href=\"https:\/\/www.alcollot.fr\/Recettes\/tarte-fine-aux-champignons-et-noix\/\">Tarte fine aux champignons et noix<\/a><\/li><li><a href=\"https:\/\/www.alcollot.fr\/Recettes\/tarte-fine-aux-legumes-nouveaux-et-fromage-de-chevre\/\">Tarte fine aux l\u00e9gumes nouveaux et fromage de ch\u00e8vre<\/a><\/li><li><a href=\"https:\/\/www.alcollot.fr\/Recettes\/tarte-fine-aux-oignons\/\">Tarte fine aux oignons<\/a><\/li><li><a href=\"https:\/\/www.alcollot.fr\/Recettes\/tarte-soleil-pour-laperitif\/\">Tarte soleil pour l&rsquo;ap\u00e9ritif<\/a><\/li><li><a href=\"https:\/\/www.alcollot.fr\/Recettes\/tartelettes-aux-sardines\/\">Tartelettes aux sardines<\/a><\/li><li><a href=\"https:\/\/www.alcollot.fr\/Recettes\/tatin-de-fenouil-au-parmesan\/\">Tatin de fenouil au parmesan<\/a><\/li><li><a href=\"https:\/\/www.alcollot.fr\/Recettes\/tourte-au-chevre-frais-et-aux-epinards\/\">Tourte au ch\u00e8vre frais et aux \u00e9pinards<\/a><\/li><\/ul>\n<p>Terrines de viande<\/p>\n<ul class=\"lcp_catlist\" id=\"lcp_instance_0\"><li><a href=\"https:\/\/www.alcollot.fr\/Recettes\/mousse-de-foie-de-volaille-a-larmagnac\/\">Mousse de foie de volaille \u00e0 l\u2019armagnac<\/a><\/li><li><a href=\"https:\/\/www.alcollot.fr\/Recettes\/pate-de-campagne\/\">Pat\u00e9 de campagne<\/a><\/li><li><a href=\"https:\/\/www.alcollot.fr\/Recettes\/pate-de-volaille-en-croute\/\">Pat\u00e9 de volaille en croute<\/a><\/li><li><a href=\"https:\/\/www.alcollot.fr\/Recettes\/rillettes-de-lapin\/\">Rillettes de lapin<\/a><\/li><li><a href=\"https:\/\/www.alcollot.fr\/Recettes\/terrine-de-canard\/\">Terrine de canard<\/a><\/li><li><a href=\"https:\/\/www.alcollot.fr\/Recettes\/terrine-de-canard-en-croute\/\">Terrine de canard en cro\u00fbte<\/a><\/li><li><a href=\"https:\/\/www.alcollot.fr\/Recettes\/terrine-de-faisan-aux-noix\/\">Terrine de faisan aux noix<\/a><\/li><li><a href=\"https:\/\/www.alcollot.fr\/Recettes\/terrine-de-lapin\/\">Terrine de lapin<\/a><\/li><li><a href=\"https:\/\/www.alcollot.fr\/Recettes\/terrine-de-pintade-au-foie-gras-et-champignons\/\">Terrine de pintade au foie gras et champignons<\/a><\/li><li><a href=\"https:\/\/www.alcollot.fr\/Recettes\/terrine-de-volaille-au-porto\/\">Terrine de volaille au porto<\/a><\/li><\/ul>\n<p>Et aussi&#8230;<\/p>\n<ul class=\"lcp_catlist\" id=\"lcp_instance_0\"><li><a href=\"https:\/\/www.alcollot.fr\/Recettes\/asperges-sauce-mousseline\/\">Asperges, sauce mousseline<\/a><\/li><li><a href=\"https:\/\/www.alcollot.fr\/Recettes\/aumoniere-de-magrets-de-canard-et-tomates-confites\/\">Aumoni\u00e8re de magrets de canard et tomates confites<\/a><\/li><li><a href=\"https:\/\/www.alcollot.fr\/Recettes\/bricks-au-fromage-de-chevre\/\">Bricks au fromage de ch\u00e8vre<\/a><\/li><li><a href=\"https:\/\/www.alcollot.fr\/Recettes\/cassolette-descargots-a-lanis-etoile\/\">Cassolette d&rsquo;escargots \u00e0 l&rsquo;anis \u00e9toil\u00e9<\/a><\/li><li><a href=\"https:\/\/www.alcollot.fr\/Recettes\/crabe-sur-creme-dasperges\/\">Crabe sur cr\u00e8me d&rsquo;asperges<\/a><\/li><li><a href=\"https:\/\/www.alcollot.fr\/Recettes\/creme-brulee-au-foie-gras\/\">Cr\u00e8me br\u00fbl\u00e9e au foie gras<\/a><\/li><li><a href=\"https:\/\/www.alcollot.fr\/Recettes\/creme-de-celeri-sur-royale-de-foie-gras\/\">Cr\u00e8me de c\u00e9leri sur royale de foie gras<\/a><\/li><li><a href=\"https:\/\/www.alcollot.fr\/Recettes\/creme-de-mais\/\">Cr\u00e8me de ma\u00efs<\/a><\/li><li><a href=\"https:\/\/www.alcollot.fr\/Recettes\/flan-basque\/\">Flan basque<\/a><\/li><li><a href=\"https:\/\/www.alcollot.fr\/Recettes\/flan-doeufs-aux-3-couleurs\/\">Flan d\u2019oeufs aux 3 couleurs<\/a><\/li><li><a href=\"https:\/\/www.alcollot.fr\/Recettes\/foie-gras-a-la-vapeur\/\">Foie gras \u00e0 la vapeur<\/a><\/li><li><a href=\"https:\/\/www.alcollot.fr\/Recettes\/foie-gras-a-ma-facon\/\">Foie gras \u00e0 ma fa\u00e7on<\/a><\/li><li><a href=\"https:\/\/www.alcollot.fr\/Recettes\/lingot-de-foie-gras-au-beraweka-specialite-alsacienne\/\">Lingot de foie gras au Beraweka (sp\u00e9cialit\u00e9 alsacienne)<\/a><\/li><li><a href=\"https:\/\/www.alcollot.fr\/Recettes\/marbre-de-foie-gras-aux-fonds-dartichauts\/\">Marbr\u00e9 de foie gras aux fonds d\u2019artichauts<\/a><\/li><li><a href=\"https:\/\/www.alcollot.fr\/Recettes\/millefeuille-de-betterave-rouge\/\">Millefeuille de betterave rouge<\/a><\/li><li><a href=\"https:\/\/www.alcollot.fr\/Recettes\/petite-entree-dautomne\/\">Petite entr\u00e9e d&rsquo;automne<\/a><\/li><li><a href=\"https:\/\/www.alcollot.fr\/Recettes\/raviole-de-foie-gras-bouillon-de-volaille-creme-a-la-truffe\/\">Raviole de foie gras, bouillon de volaille cr\u00e8me \u00e0 la truffe<\/a><\/li><li><a href=\"https:\/\/www.alcollot.fr\/Recettes\/risotto-aux-cepes-et-aux-eclats-de-foie-gras\/\">Risotto aux c\u00e8pes et aux \u00e9clats de foie gras<\/a><\/li><li><a href=\"https:\/\/www.alcollot.fr\/Recettes\/risotto-aux-truffes\/\">Risotto aux truffes<\/a><\/li><li><a href=\"https:\/\/www.alcollot.fr\/Recettes\/royale-de-cepes-sur-consomme\/\">Royale de c\u00e8pes sur consomm\u00e9<\/a><\/li><li><a href=\"https:\/\/www.alcollot.fr\/Recettes\/salade-de-celeri-gambas-et-chorizo\/\">Salade de c\u00e9leri, gambas et chorizo<\/a><\/li><li><a href=\"https:\/\/www.alcollot.fr\/Recettes\/tarte-fine-asperges-et-supremes-de-volaille-emulsion-de-cepes\/\">Tarte fine, asperges et supr\u00eames de volaille, \u00e9mulsion de c\u00e8pes<\/a><\/li><li><a href=\"https:\/\/www.alcollot.fr\/Recettes\/terrine-de-chevre-frais-au-poivron\/\">Terrine de ch\u00e8vre frais au poivron<\/a><\/li><li><a href=\"https:\/\/www.alcollot.fr\/Recettes\/terrine-de-legumes-aux-2-sauces\/\">Terrine de l\u00e9gumes aux 2 sauces<\/a><\/li><li><a href=\"https:\/\/www.alcollot.fr\/Recettes\/terrine-de-pommes-de-terre-et-coulommiers\/\">Terrine de pommes de terre et coulommiers<\/a><\/li><li><a href=\"https:\/\/www.alcollot.fr\/Recettes\/veloute-de-morilles-sur-assiettec-de-mendiant\/\">Velout\u00e9 de morilles sur assiette de mendiant<\/a><\/li><li><a href=\"https:\/\/www.alcollot.fr\/Recettes\/wraps-de-crabe-froid\/\">Wraps de crabe (froid)<\/a><\/li><\/ul>\n","protected":false},"excerpt":{"rendered":"<p>Mise en bouche et ap\u00e9ritifs Poissons et crustac\u00e9s Tartes, tourtes et quiches Terrines de viande Et aussi&#8230;<\/p>\n","protected":false},"author":1,"featured_media":0,"parent":0,"menu_order":0,"comment_status":"closed","ping_status":"closed","template":"","meta":{"footnotes":""},"class_list":["post-410","page","type-page","status-publish","hentry","no-post-thumbnail"],"_links":{"self":[{"href":"https:\/\/www.alcollot.fr\/Recettes\/wp-json\/wp\/v2\/pages\/410","targetHints":{"allow":["GET"]}}],"collection":[{"href":"https:\/\/www.alcollot.fr\/Recettes\/wp-json\/wp\/v2\/pages"}],"about":[{"href":"https:\/\/www.alcollot.fr\/Recettes\/wp-json\/wp\/v2\/types\/page"}],"author":[{"embeddable":true,"href":"https:\/\/www.alcollot.fr\/Recettes\/wp-json\/wp\/v2\/users\/1"}],"replies":[{"embeddable":true,"href":"https:\/\/www.alcollot.fr\/Recettes\/wp-json\/wp\/v2\/comments?post=410"}],"version-history":[{"count":8,"href":"https:\/\/www.alcollot.fr\/Recettes\/wp-json\/wp\/v2\/pages\/410\/revisions"}],"predecessor-version":[{"id":688,"href":"https:\/\/www.alcollot.fr\/Recettes\/wp-json\/wp\/v2\/pages\/410\/revisions\/688"}],"wp:attachment":[{"href":"https:\/\/www.alcollot.fr\/Recettes\/wp-json\/wp\/v2\/media?parent=410"}],"curies":[{"name":"wp","href":"https:\/\/api.w.org\/{rel}","templated":true}]}}